{"id":1240,"date":"2024-09-24T12:35:26","date_gmt":"2024-09-24T10:35:26","guid":{"rendered":"https:\/\/sinsitart.dk\/?page_id=1240"},"modified":"2024-09-24T14:14:45","modified_gmt":"2024-09-24T12:14:45","slug":"persondatapolitik","status":"publish","type":"page","link":"https:\/\/sinsitart.dk\/en\/persondatapolitik\/","title":{"rendered":"Privacy Policy"},"content":{"rendered":"\n<p class=\"has-background\" style=\"background-color:#192a3d7a\">Persondatapolitik hos SinsitArt<\/p>\n\n\n\n<p class=\"has-background\" style=\"background-color:#192a3d7a\">Vi indhenter kun persondata i de tilf\u00e6lde, hvor dette skulle v\u00e6re relevant for os, og vi vil kun indhente persondata, hvis det er relevant for din aktivitet hos SinsitArt.<\/p>\n\n\n\n<p class=\"has-background\" style=\"background-color:#192a3d7a\">Ved indsamling, behandling og anvendelse af dine persondata overholder vi altid alle relevante lovbestemmelser.<\/p>\n\n\n\n<p class=\"has-background\" style=\"background-color:#192a3d7a\">Vi vil kun opbevare dine persondata, s\u00e5 l\u00e6nge vi enten er p\u00e5lagt en juridisk forpligtelse hertil, eller s\u00e5 l\u00e6nge det er relevant for den hensigt, hvormed de blev indsamlet.<\/p>\n\n\n\n<p class=\"has-background\" style=\"background-color:#192a3d7a\">Oplysninger vi indsamler<\/p>\n\n\n\n<p class=\"has-background\" style=\"background-color:#192a3d7a\">Hvis du \u00f8nsker at k\u00f8be og modtage et produkt eller en ydelse fra os, har vi brug for at indsamle visse persondata for at kunne gennemf\u00f8re handlen og for at kunne tilbyde dig vores services. Vi kan bruge cookies til at holde styr p\u00e5 indholdet i din indk\u00f8bskurv, mens du bruger vores webshop.<\/p>\n\n\n\n<p class=\"has-background\" style=\"background-color:#192a3d7a\">Vi kan indhente oplysninger som f.eks. navn, e-mailadresse, postadresse, leveringsadresse (hvis den varierer fra postadresse), telefonnummer og betalingsoplysninger.<\/p>\n\n\n\n<p class=\"has-background\" style=\"background-color:#192a3d7a\">SinsitArt indsamler og behandler dine persondata, n\u00e5r du foretager dig f\u00f8lgende:<\/p>\n\n\n\n<ul style=\"background-color:#192a3d78\" class=\"wp-block-list has-background\">\n<li>Bes\u00f8ger vores hjemmeside<\/li>\n<\/ul>\n\n\n\n<p class=\"has-background\" style=\"background-color:#192a3d85\">Den dataansvarlige<\/p>\n\n\n\n<p class=\"has-background\" style=\"background-color:#192a3d85\">Den dataansvarlige for indsamling, behandling og anvendelse af dine personoplysninger p\u00e5 www.sinsitart.dk er SinsitArt, Strandvejen 14, 8585 Glesborg, cvr nr. 44624478<\/p>\n\n\n\n<p class=\"has-background\" style=\"background-color:#192a3d85\">Behandlingsgrundlag og form\u00e5l<\/p>\n\n\n\n<p class=\"has-background\" style=\"background-color:#192a3d85\">Dine almindelige kontaktoplysninger som navn og adresse indhenter vi for at kunne levere det produkt eller den ydelse, som du har k\u00f8bt hos os. Din e-mailadresse indhenter vi for at kunne sende dig en ordrebekr\u00e6ftelse samt en leveringsbekr\u00e6ftelse.<\/p>\n\n\n\n<p class=\"has-background\" style=\"background-color:#192a3d85\">Dine oplysninger (undtagen din e-mailadresse, hvis du har givet samtykke til behandling heraf med henblik p\u00e5 modtagelse af tilbud) vil blive slettet 2 efter, at du har modtaget din vare eller ydelse.<\/p>\n\n\n\n<p class=\"has-background\" style=\"background-color:#192a3d85\">Andre modtagere af personoplysninger<\/p>\n\n\n\n<p class=\"has-background\" style=\"background-color:#192a3d85\">Vi s\u00e6lger ikke dine persondata til tredjemand, og vi overf\u00f8rer ikke dine persondata til tredjelande.<\/p>\n\n\n\n<p class=\"has-background\" style=\"background-color:#192a3d85\">Vi har vores hjemmeside hos [ Hjemmesidens webhotel ] , som fungerer som vores databehandler. Alle persondata som du oplyser p\u00e5 vores hjemmeside vil blive opbevaret i [ Hjemmesidens webhotel ]s datacentre.<\/p>\n\n\n\n<p class=\"has-background\" style=\"background-color:#192a3d85\">Vi anvender eksterne virksomheder som leverand\u00f8rer for at levere vores ydelser bedst muligt. Disse eksterne leverand\u00f8rer er databehandlere og behandler i visse tilf\u00e6lde personoplysninger i forbindelse med deres levering af ydelser til os. Vores databehandlere behandler kun personoplysninger efter vores instruks og i overensstemmelse med lovgivningens krav til databehandlere.<\/p>\n\n\n\n<p class=\"has-background\" style=\"background-color:#192a3d85\">Vi har indg\u00e5et databehandleraftaler med vores databehandlere, hvilket er vores garanti for, at de overholder g\u00e6ldende regler om beskyttelse af dine personoplysninger.<\/p>\n\n\n\n<p class=\"has-background\" style=\"background-color:#192a3d85\">Dine rettigheder<\/p>\n\n\n\n<p class=\"has-background\" style=\"background-color:#192a3d85\">Som den registrerede har du en r\u00e6kke rettigheder, som vi til enhver tid skal sikre opfyldelse af. Du har ret til at anmode os om f\u00f8lgende:<\/p>\n\n\n\n<ul style=\"background-color:#192a3d85\" class=\"wp-block-list has-background\">\n<li>At f\u00e5 adgang til og f\u00e5 rettet\/\u00e6ndret dine persondata<\/li>\n\n\n\n<li>At f\u00e5 slettet persondata<\/li>\n<\/ul>\n\n\n\n<p class=\"has-background\" style=\"background-color:#192a3d82\">Du har derudover ret til at protestere over behandlingen af dine personlige data, og du har ret til at indgive klage til en databeskyttelsesmyndighed.<\/p>\n\n\n\n<p class=\"has-background\" style=\"background-color:#192a3d82\">\u00d8nsker du ikke l\u00e6ngere, at vi skal behandle dine personoplysninger, eller at vi skal begr\u00e6nse behandlingen af dine personoplysninger, kan du ogs\u00e5 sende os en anmodning herom til vores e-mailadresse sinsitart@sinsit.dk.<\/p>\n\n\n\n<p><\/p>\n","protected":false},"excerpt":{"rendered":"<p>Persondatapolitik hos SinsitArt Vi indhenter kun persondata i de tilf\u00e6lde, hvor dette skulle v\u00e6re relevant for os, og vi vil kun indhente persondata, hvis det er relevant for din aktivitet hos SinsitArt. Ved indsamling, behandling og anvendelse af dine persondata overholder vi altid alle relevante lovbestemmelser. Vi vil kun opbevare dine persondata, s\u00e5 l\u00e6nge vi [&hellip;]<\/p>\n","protected":false},"author":1,"featured_media":0,"parent":0,"menu_order":0,"comment_status":"closed","ping_status":"closed","template":"","meta":{"footnotes":""},"class_list":["post-1240","page","type-page","status-publish","hentry"],"blocksy_meta":[],"_links":{"self":[{"href":"https:\/\/sinsitart.dk\/en\/wp-json\/wp\/v2\/pages\/1240","targetHints":{"allow":["GET"]}}],"collection":[{"href":"https:\/\/sinsitart.dk\/en\/wp-json\/wp\/v2\/pages"}],"about":[{"href":"https:\/\/sinsitart.dk\/en\/wp-json\/wp\/v2\/types\/page"}],"author":[{"embeddable":true,"href":"https:\/\/sinsitart.dk\/en\/wp-json\/wp\/v2\/users\/1"}],"replies":[{"embeddable":true,"href":"https:\/\/sinsitart.dk\/en\/wp-json\/wp\/v2\/comments?post=1240"}],"version-history":[{"count":4,"href":"https:\/\/sinsitart.dk\/en\/wp-json\/wp\/v2\/pages\/1240\/revisions"}],"predecessor-version":[{"id":1287,"href":"https:\/\/sinsitart.dk\/en\/wp-json\/wp\/v2\/pages\/1240\/revisions\/1287"}],"wp:attachment":[{"href":"https:\/\/sinsitart.dk\/en\/wp-json\/wp\/v2\/media?parent=1240"}],"curies":[{"name":"wp","href":"https:\/\/api.w.org\/{rel}","templated":true}]}}