{"id":513,"date":"2023-07-03T23:57:14","date_gmt":"2023-07-03T21:57:14","guid":{"rendered":"https:\/\/sinsitart.dk\/?page_id=513"},"modified":"2025-10-15T16:53:32","modified_gmt":"2025-10-15T14:53:32","slug":"about","status":"publish","type":"page","link":"https:\/\/sinsitart.dk\/en\/about\/","title":{"rendered":"About"},"content":{"rendered":"<p><a href=\"https:\/\/sinsitart.dk\/wp-content\/uploads\/2025\/10\/Project-20250521071344.png\"><img decoding=\"async\" class=\"size-thumbnail wp-image-8459 alignright lazyload\" data-src=\"https:\/\/sinsitart.dk\/wp-content\/uploads\/2025\/10\/Project-20250521071344-300x300.png\" alt=\"\" width=\"200\" height=\"200\" data-srcset=\"https:\/\/sinsitart.dk\/wp-content\/uploads\/2025\/10\/Project-20250521071344-300x300.png 300w, https:\/\/sinsitart.dk\/wp-content\/uploads\/2025\/10\/Project-20250521071344-150x150.png 150w, https:\/\/sinsitart.dk\/wp-content\/uploads\/2025\/10\/Project-20250521071344-12x12.png 12w, https:\/\/sinsitart.dk\/wp-content\/uploads\/2025\/10\/Project-20250521071344-600x600.png 600w, https:\/\/sinsitart.dk\/wp-content\/uploads\/2025\/10\/Project-20250521071344-100x100.png 100w, https:\/\/sinsitart.dk\/wp-content\/uploads\/2025\/10\/Project-20250521071344.png 720w\" data-sizes=\"auto, (max-width: 200px) 100vw, 200px\" src=\"data:image\/svg+xml;base64,PHN2ZyB3aWR0aD0iMSIgaGVpZ2h0PSIxIiB4bWxucz0iaHR0cDovL3d3dy53My5vcmcvMjAwMC9zdmciPjwvc3ZnPg==\" style=\"--smush-placeholder-width: 200px; --smush-placeholder-aspect-ratio: 200\/200;\" \/><\/a><\/p>\n<div class=\"postit-wrapper\" style=\"margin: 15px;\">\n<div class=\"sinsit-postit sinsit--yellow sinsit--tilt-left sinsit-mt-20\"><strong><span style=\"color: #003366; font-size: 24pt;\">Who the hell is SinsitArt?<\/span><\/strong><\/div>\n<\/div>\n<section class=\"about-container\">\n<p class=\"has-background\" style=\"background-color: #00000070; padding: 15px;\">I\u2019m Sin \u2013 the woman behind the lines, the thoughts, and the chaos.\nI think too much, draw too fast, and my brain runs in zigzags.\nToo young for support stockings. Too old for bullshit.<br \/>I\u2019ve never been good at fitting in \u2013 and I don\u2019t try for long.<br \/>Some of us are just born with too much noise, too much feeling, too much edge.\nAnd that\u2019s perfectly fine.<br \/>I just learned to walk my own path \u2013 even when it twists like hell.\nThis place? It\u2019s for you who feel the same way.<\/p>\n<p>\u00a0<\/p>\n<p class=\"has-background\" style=\"background-color: #00000070; padding: 15px;\">SinsitArt isn\u2019t about looking pretty for anyone else.\nIt\u2019s about standing your ground \u2013 with all that\u2019s imperfect, weird, strong, and sensitive.<br \/>My designs aren\u2019t for everyone.\nBut they hit home for someone.\nMaybe you.<\/p>\n<p>\u00a0<\/p>\n<p class=\"has-background\" style=\"background-color: #00000070; padding: 15px;\">If you want to say hi, ask a question, or share a bit of chaos: <strong>\ud83d\udce9 sinsitart@sinsit.dk<\/strong> \u2013 I\u2019ll answer when the coffee\u2019s full and my brain\u2019s somewhat awake.\n\nThanks for stopping by. Stay awhile \u2013 there\u2019s room here for those who never really fit in, and don\u2019t want to.<\/p>\n<\/section>\n\n\n<p><\/p>","protected":false},"excerpt":{"rendered":"<p>Velkommen til SinsitArt Jeg hedder Sin \u2013 kvinden bag stregerne, tankerne og kaosset. Der t\u00e6nker for meget, tegner for hurtigt og har en hjerne, der k\u00f8rer i zigzag. For ung til st\u00f8ttestr\u00f8mper. For gammel til bullshit.Jeg har aldrig v\u00e6ret god til at passe ind \u2013 og jeg pr\u00f8ver heller ikke s\u00e6rlig l\u00e6nge.Nogle af os er [&hellip;]<\/p>\n","protected":false},"author":1,"featured_media":0,"parent":0,"menu_order":0,"comment_status":"closed","ping_status":"closed","template":"","meta":{"footnotes":""},"class_list":["post-513","page","type-page","status-publish","hentry"],"blocksy_meta":[],"_links":{"self":[{"href":"https:\/\/sinsitart.dk\/en\/wp-json\/wp\/v2\/pages\/513","targetHints":{"allow":["GET"]}}],"collection":[{"href":"https:\/\/sinsitart.dk\/en\/wp-json\/wp\/v2\/pages"}],"about":[{"href":"https:\/\/sinsitart.dk\/en\/wp-json\/wp\/v2\/types\/page"}],"author":[{"embeddable":true,"href":"https:\/\/sinsitart.dk\/en\/wp-json\/wp\/v2\/users\/1"}],"replies":[{"embeddable":true,"href":"https:\/\/sinsitart.dk\/en\/wp-json\/wp\/v2\/comments?post=513"}],"version-history":[{"count":118,"href":"https:\/\/sinsitart.dk\/en\/wp-json\/wp\/v2\/pages\/513\/revisions"}],"predecessor-version":[{"id":8503,"href":"https:\/\/sinsitart.dk\/en\/wp-json\/wp\/v2\/pages\/513\/revisions\/8503"}],"wp:attachment":[{"href":"https:\/\/sinsitart.dk\/en\/wp-json\/wp\/v2\/media?parent=513"}],"curies":[{"name":"wp","href":"https:\/\/api.w.org\/{rel}","templated":true}]}}