{"id":2729,"date":"2024-11-22T11:21:45","date_gmt":"2024-11-22T10:21:45","guid":{"rendered":"https:\/\/sinsitart.dk\/?post_type=product&#038;p=2729"},"modified":"2025-10-19T13:24:31","modified_gmt":"2025-10-19T11:24:31","slug":"unisex-jule-t-shirt-med-rund-hals","status":"publish","type":"product","link":"https:\/\/sinsitart.dk\/en\/product\/unisex-jule-t-shirt-med-rund-hals\/","title":{"rendered":"Not Your Grandma\u2019s Christmas Tee"},"content":{"rendered":"<p>Denne t-shirt er kendt for sin bl\u00f8de fornemmelse, der er ideel til DTG-tryk.<\/p>\n<ul>\n<li>Har en s\u00f8ml\u00f8s dobbeltn\u00e5lskrave med h\u00f8j stingt\u00e6thed for en mere j\u00e6vn trykoverflade.<\/li>\n<li>Indeholder en etiket, som kan rives af for nem rebranding.<\/li>\n<li>R\u00f8rformet pasform for at minimere vridning.<\/li>\n<li>Available in a wide range of colors to suit different design needs.<\/li>\n<\/ul>","protected":false},"excerpt":{"rendered":"<p>Christmas \u2013 your way.<br data-start=\"271\" data-end=\"274\" \/>No glitter, just laughs and a little attitude.<br data-start=\"318\" data-end=\"321\" \/>Soft cotton comfort to survive the season in style.<\/p>","protected":false},"featured_media":3648,"comment_status":"open","ping_status":"closed","template":"","meta":[],"product_brand":[284],"product_cat":[27],"product_tag":[74,72,71,23,24,25,73],"class_list":{"0":"post-2729","1":"product","2":"type-product","3":"status-publish","4":"has-post-thumbnail","6":"product_brand-sinsitart","7":"product_cat-saeson","8":"product_tag-cannabis-t-shirt","9":"product_tag-christmas-t-shirt","10":"product_tag-jule-t-shirt","11":"product_tag-shirt","12":"product_tag-t-shirt","13":"product_tag-unisex","14":"product_tag-weed-t-shirt","16":"first","17":"instock","18":"shipping-taxable","19":"purchasable","20":"product-type-variable"},"_links":{"self":[{"href":"https:\/\/sinsitart.dk\/en\/wp-json\/wp\/v2\/product\/2729","targetHints":{"allow":["GET"]}}],"collection":[{"href":"https:\/\/sinsitart.dk\/en\/wp-json\/wp\/v2\/product"}],"about":[{"href":"https:\/\/sinsitart.dk\/en\/wp-json\/wp\/v2\/types\/product"}],"replies":[{"embeddable":true,"href":"https:\/\/sinsitart.dk\/en\/wp-json\/wp\/v2\/comments?post=2729"}],"wp:featuredmedia":[{"embeddable":true,"href":"https:\/\/sinsitart.dk\/en\/wp-json\/wp\/v2\/media\/3648"}],"wp:attachment":[{"href":"https:\/\/sinsitart.dk\/en\/wp-json\/wp\/v2\/media?parent=2729"}],"wp:term":[{"taxonomy":"product_brand","embeddable":true,"href":"https:\/\/sinsitart.dk\/en\/wp-json\/wp\/v2\/product_brand?post=2729"},{"taxonomy":"product_cat","embeddable":true,"href":"https:\/\/sinsitart.dk\/en\/wp-json\/wp\/v2\/product_cat?post=2729"},{"taxonomy":"product_tag","embeddable":true,"href":"https:\/\/sinsitart.dk\/en\/wp-json\/wp\/v2\/product_tag?post=2729"}],"curies":[{"name":"wp","href":"https:\/\/api.w.org\/{rel}","templated":true}]}}